{"id":1171,"date":"2022-03-17T11:03:53","date_gmt":"2022-03-17T11:03:53","guid":{"rendered":"http:\/\/www.eplefpa-saint-yrieix.fr\/cfppa\/?page_id=1171"},"modified":"2024-04-16T15:23:51","modified_gmt":"2024-04-16T14:23:51","slug":"les-ateliers-mecaniques","status":"publish","type":"page","link":"http:\/\/www.eplefpa-saint-yrieix.fr\/cfppa\/les-ateliers-mecaniques\/","title":{"rendered":"Les ateliers m\u00e9caniques"},"content":{"rendered":"\n<p><\/p>\n\n\n\n<p>Le lyc\u00e9e de la Faye est dot\u00e9 d&rsquo;ateliers m\u00e9caniques moderne et fonctionnel. Le mat\u00e9riel de l&rsquo;exploitation est entretenu dans les ateliers du lyc\u00e9e par des \u00e9l\u00e8ves ou des apprenants. <\/p>\n\n\n\n<p>Pour faciliter l&rsquo;apprentissage de la conduite d&rsquo;engins agricoles, Un simulateur de conduite TENSTAR <\/p>\n\n\n\n<figure class=\"wp-block-image size-large is-resized\"><img loading=\"lazy\" decoding=\"async\" src=\"http:\/\/www.eplefpa-saint-yrieix.fr\/cfppa\/wp-content\/uploads\/2022\/03\/20210527_111535-1024x498.jpg\" alt=\"\" class=\"wp-image-1227\" width=\"615\" height=\"299\" srcset=\"http:\/\/www.eplefpa-saint-yrieix.fr\/cfppa\/wp-content\/uploads\/2022\/03\/20210527_111535-1024x498.jpg 1024w, http:\/\/www.eplefpa-saint-yrieix.fr\/cfppa\/wp-content\/uploads\/2022\/03\/20210527_111535-300x146.jpg 300w, http:\/\/www.eplefpa-saint-yrieix.fr\/cfppa\/wp-content\/uploads\/2022\/03\/20210527_111535-768x373.jpg 768w, http:\/\/www.eplefpa-saint-yrieix.fr\/cfppa\/wp-content\/uploads\/2022\/03\/20210527_111535-1536x747.jpg 1536w, http:\/\/www.eplefpa-saint-yrieix.fr\/cfppa\/wp-content\/uploads\/2022\/03\/20210527_111535-2048x996.jpg 2048w\" sizes=\"auto, (max-width: 615px) 100vw, 615px\" \/><\/figure>\n\n\n<div class=\"wp-block-image\">\n<figure class=\"alignright size-large is-resized\"><img loading=\"lazy\" decoding=\"async\" src=\"http:\/\/www.eplefpa-saint-yrieix.fr\/cfppa\/wp-content\/uploads\/2019\/04\/tract-1-1024x538.png\" alt=\"\" class=\"wp-image-429\" width=\"559\" height=\"293\" srcset=\"http:\/\/www.eplefpa-saint-yrieix.fr\/cfppa\/wp-content\/uploads\/2019\/04\/tract-1-1024x538.png 1024w, http:\/\/www.eplefpa-saint-yrieix.fr\/cfppa\/wp-content\/uploads\/2019\/04\/tract-1-300x158.png 300w, http:\/\/www.eplefpa-saint-yrieix.fr\/cfppa\/wp-content\/uploads\/2019\/04\/tract-1-768x404.png 768w, http:\/\/www.eplefpa-saint-yrieix.fr\/cfppa\/wp-content\/uploads\/2019\/04\/tract-1.png 1581w\" sizes=\"auto, (max-width: 559px) 100vw, 559px\" \/><\/figure>\n<\/div>\n\n\n<figure class=\"wp-block-image size-large is-resized\"><img loading=\"lazy\" decoding=\"async\" src=\"http:\/\/www.eplefpa-saint-yrieix.fr\/cfppa\/wp-content\/uploads\/2019\/04\/soudure-1024x552.png\" alt=\"\" class=\"wp-image-245\" width=\"361\" height=\"194\" srcset=\"http:\/\/www.eplefpa-saint-yrieix.fr\/cfppa\/wp-content\/uploads\/2019\/04\/soudure-1024x552.png 1024w, http:\/\/www.eplefpa-saint-yrieix.fr\/cfppa\/wp-content\/uploads\/2019\/04\/soudure-300x162.png 300w, http:\/\/www.eplefpa-saint-yrieix.fr\/cfppa\/wp-content\/uploads\/2019\/04\/soudure-768x414.png 768w, http:\/\/www.eplefpa-saint-yrieix.fr\/cfppa\/wp-content\/uploads\/2019\/04\/soudure.png 1457w\" sizes=\"auto, (max-width: 361px) 100vw, 361px\" \/><\/figure>\n","protected":false},"excerpt":{"rendered":"<p> <a class=\"more-link\" href=\"http:\/\/www.eplefpa-saint-yrieix.fr\/cfppa\/les-ateliers-mecaniques\/\">Lire plus &#8230;<\/a><\/p>\n","protected":false},"author":3,"featured_media":0,"parent":0,"menu_order":0,"comment_status":"closed","ping_status":"closed","template":"","meta":{"footnotes":""},"class_list":["post-1171","page","type-page","status-publish","hentry"],"_links":{"self":[{"href":"http:\/\/www.eplefpa-saint-yrieix.fr\/cfppa\/wp-json\/wp\/v2\/pages\/1171","targetHints":{"allow":["GET"]}}],"collection":[{"href":"http:\/\/www.eplefpa-saint-yrieix.fr\/cfppa\/wp-json\/wp\/v2\/pages"}],"about":[{"href":"http:\/\/www.eplefpa-saint-yrieix.fr\/cfppa\/wp-json\/wp\/v2\/types\/page"}],"author":[{"embeddable":true,"href":"http:\/\/www.eplefpa-saint-yrieix.fr\/cfppa\/wp-json\/wp\/v2\/users\/3"}],"replies":[{"embeddable":true,"href":"http:\/\/www.eplefpa-saint-yrieix.fr\/cfppa\/wp-json\/wp\/v2\/comments?post=1171"}],"version-history":[{"count":5,"href":"http:\/\/www.eplefpa-saint-yrieix.fr\/cfppa\/wp-json\/wp\/v2\/pages\/1171\/revisions"}],"predecessor-version":[{"id":1589,"href":"http:\/\/www.eplefpa-saint-yrieix.fr\/cfppa\/wp-json\/wp\/v2\/pages\/1171\/revisions\/1589"}],"wp:attachment":[{"href":"http:\/\/www.eplefpa-saint-yrieix.fr\/cfppa\/wp-json\/wp\/v2\/media?parent=1171"}],"curies":[{"name":"wp","href":"https:\/\/api.w.org\/{rel}","templated":true}]}}