{"id":1709,"date":"2025-06-12T08:49:34","date_gmt":"2025-06-12T07:49:34","guid":{"rendered":"https:\/\/www.eplefpa-saint-yrieix.fr\/cfppa\/?page_id=1709"},"modified":"2025-06-12T09:05:36","modified_gmt":"2025-06-12T08:05:36","slug":"bts-gdea-apprentissage","status":"publish","type":"page","link":"http:\/\/www.eplefpa-saint-yrieix.fr\/cfppa\/bts-gdea-apprentissage\/","title":{"rendered":"BTS GDEA Apprentissage"},"content":{"rendered":"\n<p><a href=\"http:\/\/www.eplefpa-saint-yrieix.fr\/cfppa\/wp-content\/uploads\/2025\/06\/BTS-GDEA.pdf\">Plaquette BTS GDEA<\/a> (mise \u00e0 jour le 12 juin 2025)<\/p>\n\n\n\n<p>En septembre 2025, le centre de formation de St Yrieix La perche d\u00e9buteras une formation BTS GDEA (G\u00e9nie des \u00e9quipements Agricoles). cette formation en apprentissage sur deux ans se d\u00e9roulera en mixit\u00e9 de parcours avec la voie initiale scolaire. <\/p>\n\n\n\n<figure class=\"wp-block-image size-large\"><img loading=\"lazy\" decoding=\"async\" width=\"724\" height=\"1024\" src=\"https:\/\/www.eplefpa-saint-yrieix.fr\/cfppa\/wp-content\/uploads\/2025\/06\/BTS-GDEA_Page_1-724x1024.png\" alt=\"\" class=\"wp-image-1723\" srcset=\"http:\/\/www.eplefpa-saint-yrieix.fr\/cfppa\/wp-content\/uploads\/2025\/06\/BTS-GDEA_Page_1-724x1024.png 724w, http:\/\/www.eplefpa-saint-yrieix.fr\/cfppa\/wp-content\/uploads\/2025\/06\/BTS-GDEA_Page_1-212x300.png 212w, http:\/\/www.eplefpa-saint-yrieix.fr\/cfppa\/wp-content\/uploads\/2025\/06\/BTS-GDEA_Page_1-768x1086.png 768w, http:\/\/www.eplefpa-saint-yrieix.fr\/cfppa\/wp-content\/uploads\/2025\/06\/BTS-GDEA_Page_1-1086x1536.png 1086w, http:\/\/www.eplefpa-saint-yrieix.fr\/cfppa\/wp-content\/uploads\/2025\/06\/BTS-GDEA_Page_1-1448x2048.png 1448w\" sizes=\"auto, (max-width: 724px) 100vw, 724px\" \/><\/figure>\n\n\n\n<figure class=\"wp-block-image size-large\"><img loading=\"lazy\" decoding=\"async\" width=\"724\" height=\"1024\" src=\"https:\/\/www.eplefpa-saint-yrieix.fr\/cfppa\/wp-content\/uploads\/2025\/06\/BTS-GDEA_Page_2-724x1024.png\" alt=\"\" class=\"wp-image-1724\" srcset=\"http:\/\/www.eplefpa-saint-yrieix.fr\/cfppa\/wp-content\/uploads\/2025\/06\/BTS-GDEA_Page_2-724x1024.png 724w, http:\/\/www.eplefpa-saint-yrieix.fr\/cfppa\/wp-content\/uploads\/2025\/06\/BTS-GDEA_Page_2-212x300.png 212w, http:\/\/www.eplefpa-saint-yrieix.fr\/cfppa\/wp-content\/uploads\/2025\/06\/BTS-GDEA_Page_2-768x1086.png 768w, http:\/\/www.eplefpa-saint-yrieix.fr\/cfppa\/wp-content\/uploads\/2025\/06\/BTS-GDEA_Page_2-1086x1536.png 1086w, http:\/\/www.eplefpa-saint-yrieix.fr\/cfppa\/wp-content\/uploads\/2025\/06\/BTS-GDEA_Page_2-1448x2048.png 1448w\" sizes=\"auto, (max-width: 724px) 100vw, 724px\" \/><\/figure>\n","protected":false},"excerpt":{"rendered":"<p> <a class=\"more-link\" href=\"http:\/\/www.eplefpa-saint-yrieix.fr\/cfppa\/bts-gdea-apprentissage\/\">Lire plus &#8230;<\/a><\/p>\n","protected":false},"author":3,"featured_media":0,"parent":0,"menu_order":0,"comment_status":"closed","ping_status":"closed","template":"","meta":{"footnotes":""},"class_list":["post-1709","page","type-page","status-publish","hentry"],"_links":{"self":[{"href":"http:\/\/www.eplefpa-saint-yrieix.fr\/cfppa\/wp-json\/wp\/v2\/pages\/1709","targetHints":{"allow":["GET"]}}],"collection":[{"href":"http:\/\/www.eplefpa-saint-yrieix.fr\/cfppa\/wp-json\/wp\/v2\/pages"}],"about":[{"href":"http:\/\/www.eplefpa-saint-yrieix.fr\/cfppa\/wp-json\/wp\/v2\/types\/page"}],"author":[{"embeddable":true,"href":"http:\/\/www.eplefpa-saint-yrieix.fr\/cfppa\/wp-json\/wp\/v2\/users\/3"}],"replies":[{"embeddable":true,"href":"http:\/\/www.eplefpa-saint-yrieix.fr\/cfppa\/wp-json\/wp\/v2\/comments?post=1709"}],"version-history":[{"count":3,"href":"http:\/\/www.eplefpa-saint-yrieix.fr\/cfppa\/wp-json\/wp\/v2\/pages\/1709\/revisions"}],"predecessor-version":[{"id":1727,"href":"http:\/\/www.eplefpa-saint-yrieix.fr\/cfppa\/wp-json\/wp\/v2\/pages\/1709\/revisions\/1727"}],"wp:attachment":[{"href":"http:\/\/www.eplefpa-saint-yrieix.fr\/cfppa\/wp-json\/wp\/v2\/media?parent=1709"}],"curies":[{"name":"wp","href":"https:\/\/api.w.org\/{rel}","templated":true}]}}