{"id":994,"date":"2022-01-12T14:37:43","date_gmt":"2022-01-12T14:37:43","guid":{"rendered":"http:\/\/www.eplefpa-saint-yrieix.fr\/cfppa\/?page_id=994"},"modified":"2025-06-12T08:26:45","modified_gmt":"2025-06-12T07:26:45","slug":"cqp","status":"publish","type":"page","link":"http:\/\/www.eplefpa-saint-yrieix.fr\/cfppa\/cqp\/","title":{"rendered":"CQP Tractoriste"},"content":{"rendered":"\n<p><sup>Date de mise \u00e0 jour : 12 juin 2025<\/sup> <a href=\"http:\/\/www.eplefpa-saint-yrieix.fr\/cfppa\/wp-content\/uploads\/2025\/06\/CQP-Adulte-Compresse.pdf\" data-type=\"URL\" data-id=\"http:\/\/www.eplefpa-saint-yrieix.fr\/cfppa\/wp-content\/uploads\/2023\/01\/CQP-version-reduite.pdf\">T\u00e9l\u00e9chargement Fiche de formation<\/a><\/p>\n\n\n\n<p>Le CQP est ouvert aux salari\u00e9s d&rsquo;entreprises, aux demandeurs d&#8217;emploi et au Contrat de Professionnalisation.   La dur\u00e9e de formation en centre est de  300 heures. Un atelier moderne \u00e9quip\u00e9 de mat\u00e9riel r\u00e9cent permet un apprentissage rapide. Un simulateur de conduite (Tenstar) permet l&rsquo;apprentissage de la conduite d&rsquo;engins agricoles sans risque. <\/p>\n\n\n\n<figure class=\"wp-block-gallery has-nested-images columns-default is-cropped wp-block-gallery-1 is-layout-flex wp-block-gallery-is-layout-flex\">\n<figure class=\"wp-block-image size-large\"><img loading=\"lazy\" decoding=\"async\" width=\"724\" height=\"1024\" data-id=\"1684\" src=\"https:\/\/www.eplefpa-saint-yrieix.fr\/cfppa\/wp-content\/uploads\/2025\/06\/CQP-Adulte-Compresse_Page_1-724x1024.png\" alt=\"\" class=\"wp-image-1684\" srcset=\"http:\/\/www.eplefpa-saint-yrieix.fr\/cfppa\/wp-content\/uploads\/2025\/06\/CQP-Adulte-Compresse_Page_1-724x1024.png 724w, http:\/\/www.eplefpa-saint-yrieix.fr\/cfppa\/wp-content\/uploads\/2025\/06\/CQP-Adulte-Compresse_Page_1-212x300.png 212w, http:\/\/www.eplefpa-saint-yrieix.fr\/cfppa\/wp-content\/uploads\/2025\/06\/CQP-Adulte-Compresse_Page_1-768x1086.png 768w, http:\/\/www.eplefpa-saint-yrieix.fr\/cfppa\/wp-content\/uploads\/2025\/06\/CQP-Adulte-Compresse_Page_1-1086x1536.png 1086w, http:\/\/www.eplefpa-saint-yrieix.fr\/cfppa\/wp-content\/uploads\/2025\/06\/CQP-Adulte-Compresse_Page_1-1448x2048.png 1448w\" sizes=\"auto, (max-width: 724px) 100vw, 724px\" \/><\/figure>\n<\/figure>\n\n\n\n<figure class=\"wp-block-image size-large\"><img loading=\"lazy\" decoding=\"async\" width=\"724\" height=\"1024\" src=\"https:\/\/www.eplefpa-saint-yrieix.fr\/cfppa\/wp-content\/uploads\/2025\/06\/CQP-Adulte-Compresse_Page_2-724x1024.png\" alt=\"\" class=\"wp-image-1685\" srcset=\"http:\/\/www.eplefpa-saint-yrieix.fr\/cfppa\/wp-content\/uploads\/2025\/06\/CQP-Adulte-Compresse_Page_2-724x1024.png 724w, http:\/\/www.eplefpa-saint-yrieix.fr\/cfppa\/wp-content\/uploads\/2025\/06\/CQP-Adulte-Compresse_Page_2-212x300.png 212w, http:\/\/www.eplefpa-saint-yrieix.fr\/cfppa\/wp-content\/uploads\/2025\/06\/CQP-Adulte-Compresse_Page_2-768x1086.png 768w, http:\/\/www.eplefpa-saint-yrieix.fr\/cfppa\/wp-content\/uploads\/2025\/06\/CQP-Adulte-Compresse_Page_2-1086x1536.png 1086w, http:\/\/www.eplefpa-saint-yrieix.fr\/cfppa\/wp-content\/uploads\/2025\/06\/CQP-Adulte-Compresse_Page_2-1448x2048.png 1448w\" sizes=\"auto, (max-width: 724px) 100vw, 724px\" \/><\/figure>\n","protected":false},"excerpt":{"rendered":"<p> <a class=\"more-link\" href=\"http:\/\/www.eplefpa-saint-yrieix.fr\/cfppa\/cqp\/\">Lire plus &#8230;<\/a><\/p>\n","protected":false},"author":3,"featured_media":0,"parent":0,"menu_order":0,"comment_status":"closed","ping_status":"closed","template":"","meta":{"footnotes":""},"class_list":["post-994","page","type-page","status-publish","hentry"],"_links":{"self":[{"href":"http:\/\/www.eplefpa-saint-yrieix.fr\/cfppa\/wp-json\/wp\/v2\/pages\/994","targetHints":{"allow":["GET"]}}],"collection":[{"href":"http:\/\/www.eplefpa-saint-yrieix.fr\/cfppa\/wp-json\/wp\/v2\/pages"}],"about":[{"href":"http:\/\/www.eplefpa-saint-yrieix.fr\/cfppa\/wp-json\/wp\/v2\/types\/page"}],"author":[{"embeddable":true,"href":"http:\/\/www.eplefpa-saint-yrieix.fr\/cfppa\/wp-json\/wp\/v2\/users\/3"}],"replies":[{"embeddable":true,"href":"http:\/\/www.eplefpa-saint-yrieix.fr\/cfppa\/wp-json\/wp\/v2\/comments?post=994"}],"version-history":[{"count":18,"href":"http:\/\/www.eplefpa-saint-yrieix.fr\/cfppa\/wp-json\/wp\/v2\/pages\/994\/revisions"}],"predecessor-version":[{"id":1698,"href":"http:\/\/www.eplefpa-saint-yrieix.fr\/cfppa\/wp-json\/wp\/v2\/pages\/994\/revisions\/1698"}],"wp:attachment":[{"href":"http:\/\/www.eplefpa-saint-yrieix.fr\/cfppa\/wp-json\/wp\/v2\/media?parent=994"}],"curies":[{"name":"wp","href":"https:\/\/api.w.org\/{rel}","templated":true}]}}